{"id":11,"date":"2022-01-09T12:09:32","date_gmt":"2022-01-09T09:09:32","guid":{"rendered":"https:\/\/mehmetbekirsen.com\/?page_id=11"},"modified":"2026-03-07T09:38:24","modified_gmt":"2026-03-07T06:38:24","slug":"ana-sayfa","status":"publish","type":"page","link":"https:\/\/mehmetbekirsen.com\/de\/","title":{"rendered":"Ana Sayfa"},"content":{"rendered":"<section class=\"wpb-content-wrapper\"><p>[vc_row full_width=&#8221;stretch_row_content_no_spaces&#8221;][vc_column][vc_single_image image=&#8221;811&#8243; img_size=&#8221;full&#8221; alignment=&#8221;center&#8221; css=&#8221;.vc_custom_1674228117114{margin-bottom: 0px !important;border-bottom-width: 0px !important;padding-bottom: 0px !important;}&#8221;][\/vc_column][\/vc_row][vc_row wrap_container=&#8221;yes&#8221; remove_margin_bottom=&#8221;yes&#8221; remove_padding_bottom=&#8221;yes&#8221; remove_border=&#8221;yes&#8221; el_class=&#8221;home-intro&#8221; css=&#8221;.vc_custom_1641723902216{background-color: #ff6c2c !important;}&#8221;][vc_column width=&#8221;2\/3&#8243; section_text_color=&#8221;light&#8221;][vc_column_text css_animation=&#8221;none&#8221; el_class=&#8221;m-b-none&#8221;]<strong><em><span style=\"color: #ffffff;\">Op. Dr. Mehmet Bekir \u015een <\/span><\/em> <\/strong> <span style=\"color: #ffffff;\">Facharzt f\u00fcr Gyn\u00e4kologie und Geburtshilfe<\/span>[\/vc_column_text][\/vc_column][vc_column width=&#8221;1\/3&#8243; el_class=&#8221;get-started&#8221;][vc_btn title=&#8221;Contact&#8221; style=&#8221;3d&#8221; color=&#8221;white&#8221; size=&#8221;sm&#8221; align=&#8221;center&#8221; i_type=&#8221;typicons&#8221; i_icon_typicons=&#8221;typcn typcn-arrow-forward&#8221; add_icon=&#8221;true&#8221; css_animation=&#8221;none&#8221; css=&#8221;.vc_custom_1674228021692{background-color: #ff6c2c !important;}&#8221; link=&#8221;url:https%3A%2F%2Fmehmetbekirsen.com%2Fde%2Fkontakt%2F|title:Kontakt&#8221;][\/vc_column][\/vc_row][vc_row wrap_container=&#8221;yes&#8221; bg_type=&#8221;bg_color&#8221; bg_color_value=&#8221;#f4f4f4&#8243; css=&#8221;.vc_custom_1624694246402{background-color: #f4f4f4 !important;}&#8221;][vc_column][vc_empty_space height=&#8221;20px&#8221;]\n<div class=\"wpcf7 no-js\" id=\"wpcf7-f344-o1\" lang=\"tr-TR\" dir=\"ltr\" data-wpcf7-id=\"344\">\n<div class=\"screen-reader-response\"><p role=\"status\" aria-live=\"polite\" aria-atomic=\"true\"><\/p> <ul><\/ul><\/div>\n<form action=\"\/de\/wp-json\/wp\/v2\/pages\/11#wpcf7-f344-o1\" method=\"post\" class=\"wpcf7-form init\" aria-label=\"\u0130leti\u015fim Formu\" novalidate=\"novalidate\" data-status=\"init\">\n<fieldset class=\"hidden-fields-container\"><input type=\"hidden\" name=\"_wpcf7\" value=\"344\" \/><input type=\"hidden\" name=\"_wpcf7_version\" value=\"6.1.5\" \/><input type=\"hidden\" name=\"_wpcf7_locale\" value=\"tr_TR\" \/><input type=\"hidden\" name=\"_wpcf7_unit_tag\" value=\"wpcf7-f344-o1\" \/><input type=\"hidden\" name=\"_wpcf7_container_post\" value=\"0\" \/><input type=\"hidden\" name=\"_wpcf7_posted_data_hash\" value=\"\" \/>\n<\/fieldset>\n<h2 class=\"short\"><strong>Kontakt Formular<\/strong>\n<\/h2>\n<div class=\"row\">\n\t<div class=\"col-md-6\">\n\t\t<div class=\"form-group\">\n\t\t\t<p><label for=\"contact-name\">Vorname Familienname *<\/label><br \/>\n<span class=\"wpcf7-form-control-wrap\" data-name=\"your-name\"><input size=\"40\" maxlength=\"400\" class=\"wpcf7-form-control wpcf7-text wpcf7-validates-as-required form-control\" id=\"contact-name\" aria-required=\"true\" aria-invalid=\"false\" value=\"\" type=\"text\" name=\"your-name\" \/><\/span>\n\t\t\t<\/p>\n\t\t<\/div>\n\t<\/div>\n\t<div class=\"col-md-6\">\n\t\t<div class=\"form-group\">\n\t\t\t<p><label for=\"contact-email\">E-mail *<\/label><br \/>\n<span class=\"wpcf7-form-control-wrap\" data-name=\"your-email\"><input size=\"40\" maxlength=\"400\" class=\"wpcf7-form-control wpcf7-email wpcf7-validates-as-required wpcf7-text wpcf7-validates-as-email form-control\" id=\"contact-email\" aria-required=\"true\" aria-invalid=\"false\" value=\"\" type=\"email\" name=\"your-email\" \/><\/span>\n\t\t\t<\/p>\n\t\t<\/div>\n\t<\/div>\n\t<div class=\"col-md-6\">\n\t\t<div class=\"form-group\">\n\t\t\t<p><label for=\"contact-subject\">Tel *<\/label><br \/>\n<span class=\"wpcf7-form-control-wrap intl_tel-442\"><input class=\"wpcf7-form-control wpcf7-intl_tel wpcf7-validates-as-required wpcf7-intl-tel form-control\" id=\"int\" aria-required=\"true\" aria-invalid=\"false\" size=\"60px\" data-initialcountry=\"de\" data-preferredcountries=\"de\" value=\"\" type=\"tel\" name=\"intl_tel-442-cf7it-national\" \/><input name=\"intl_tel-442\" type=\"hidden\" class=\"wpcf7-intl-tel-full\" \/><input type=\"hidden\" name=\"intl_tel-442-cf7it-country-name\" class=\"wpcf7-intl-tel-country-name\" \/><input type=\"hidden\" name=\"intl_tel-442-cf7it-country-code\" class=\"wpcf7-intl-tel-country-code\" \/><input type=\"hidden\" name=\"intl_tel-442-cf7it-country-iso2\" class=\"wpcf7-intl-tel-country-iso2\" \/><\/span>\n\t\t\t<\/p>\n\t\t<\/div>\n\t<\/div>\n\t<div class=\"col-md-6\">\n\t\t<div class=\"form-group\">\n\t\t\t<p><label for=\"contact-subject\">F\u00fcr welche Behandlung interessieren Sie\u00a0sich\u00a0?<\/label><br \/>\n<span class=\"wpcf7-form-control-wrap\" data-name=\"your-subject\"><input size=\"40\" maxlength=\"400\" class=\"wpcf7-form-control wpcf7-text form-control\" id=\"contact-subject\" aria-invalid=\"false\" value=\"\" type=\"text\" name=\"your-subject\" \/><\/span>\n\t\t\t<\/p>\n\t\t<\/div>\n\t<\/div>\n\t<div class=\"col-md-12\">\n\t\t<div class=\"form-group\">\n\t\t\t<p><label for=\"contact-message\">Ihre Nachricht<\/label><br \/>\n<span class=\"wpcf7-form-control-wrap\" data-name=\"your-message\"><textarea cols=\"40\" rows=\"10\" maxlength=\"2000\" class=\"wpcf7-form-control wpcf7-textarea form-control\" id=\"contact-message\" aria-invalid=\"false\" name=\"your-message\"><\/textarea><\/span>\n\t\t\t<\/p>\n\t\t<\/div>\n\t<\/div>\n\t<div class=\"col-md-6\">\n\t\t<div class=\"form-group\">\n\t\t\t<p><span class=\"wpcf7-form-control-wrap\" data-name=\"Sicherheitsfrage\"><label><span class=\"wpcf7-quiz-label\">1x3=<\/span> <input size=\"40\" class=\"wpcf7-form-control wpcf7-quiz\" autocomplete=\"off\" aria-required=\"true\" aria-invalid=\"false\" type=\"text\" name=\"Sicherheitsfrage\" \/><\/label><input type=\"hidden\" name=\"_wpcf7_quiz_answer_Sicherheitsfrage\" value=\"4596f250c9084644b46f1e85a56e3eb5\" \/><\/span><br \/>\n<input class=\"wpcf7-form-control wpcf7-submit has-spinner btn btn-primary btn-lg\" type=\"submit\" value=\"Senden\" \/>\n\t\t\t<\/p>\n\t\t<\/div>\n\t<\/div>\n<\/div><p style=\"display: none !important;\" class=\"akismet-fields-container\" data-prefix=\"_wpcf7_ak_\"><label>&#916;<textarea name=\"_wpcf7_ak_hp_textarea\" cols=\"45\" rows=\"8\" maxlength=\"100\"><\/textarea><\/label><input type=\"hidden\" id=\"ak_js_1\" name=\"_wpcf7_ak_js\" value=\"218\"\/><script>document.getElementById( \"ak_js_1\" ).setAttribute( \"value\", ( new Date() ).getTime() );<\/script><\/p><div class=\"wpcf7-response-output\" aria-hidden=\"true\"><\/div>\n<\/form>\n<\/div>\n[vc_empty_space height=&#8221;20px&#8221;][\/vc_column][\/vc_row][vc_row el_class=&#8221;p-b-none&#8221;][vc_column section_text_color=&#8221;light&#8221;][vc_empty_space height=&#8221;20px&#8221;][vc_custom_heading text=&#8221;<strong>Spezialisierungen<\/strong>&#8221; font_container=&#8221;tag:h2|text_align:center&#8221; use_theme_fonts=&#8221;yes&#8221;]<div class=\"porto-portfolios porto-portfolios6os6 wpb_content_element  porto-portfolio-49a15b18bd4722017b499dda5053a7db\">\r\n\t<div class=\"page-portfolios clearfix portfolios-grid wpb_custom_f766824d32289da1f974c4f6f5382936\" id=\"porto_portfolios_6vz5\">\r\n\r\n\t\r\n\t\r\n\t\t\t<div class=\"portfolios-container portfolio-row portfolio-row-4 classic\">\r\n\r\n\t\r\n\t\t<article class=\"portfolio portfolio-grid portfolio-col-4 spezialisierungen post-788 type-portfolio status-publish has-post-thumbnail hentry portfolio_cat-spezialisierungen\">\n\t\t<span class=\"entry-title\" style=\"display: none;\">Hymenoplastik T\u00fcrkei<\/span><span class=\"vcard\" style=\"display: none;\"><span class=\"fn\"><a href=\"https:\/\/mehmetbekirsen.com\/de\/author\/onur\/\" title=\"onur taraf\u0131ndan yaz\u0131lan yaz\u0131lar\" rel=\"author\">onur<\/a><\/span><\/span><span class=\"updated\" style=\"display:none\">2024-07-09T13:37:04+03:00<\/span>\t\t<div class=\"portfolio-item default\">\n\t\t\t\n\t\t\t<a class=\"text-decoration-none portfolio-link\" href=\"https:\/\/mehmetbekirsen.com\/de\/spezialisierungen\/hymenoplastik-turkei\/\">\n\t\t\t\t<span class=\"thumb-info thumb-info-lighten thumb-info-no-zoom\">\n\t\t\t\t\t<span class=\"thumb-info-wrapper\">\n\t\t\t\t\t\t\t\t\t\t\t\t\t\t\t<img decoding=\"async\" class=\"img-responsive\" src=\"https:\/\/mehmetbekirsen.com\/de\/wp-content\/uploads\/2023\/01\/2-1-400x300.jpg\" alt=\"\" width=\"400\" height=\"300\" \/>\n\t\t\t\t\t\t\t\t\t\n\t\t\t\t\t\t\n\t\t\t\t\t\t\n\t\t\t\t\t\t\t\t\t\t\t\t\t\t\t\t<span class=\"thumb-info-title\">\n\n\t\t\t\t\t\t\t\t\t\t<span class=\"thumb-info-inner\">Hymenoplastik T\u00fcrkei<\/span>\n\n\t\t\t\t\t\t\t\t\t\t\n\t\t\t\t\t\t\t\t\t<\/span>\n\t\t\t\t\t\t\t\t\t\t\t\t\t\t\t\t\t\t\t\t\t\t\t\t\t\t\t\t\t\t\t<\/span>\n\t\t\t\t<\/span>\n\t\t\t<\/a>\n\t\t\t\t\t\t\t\t<\/div>\n\t<\/article>\n\t\t<article class=\"portfolio portfolio-grid portfolio-col-4 spezialisierungen post-785 type-portfolio status-publish has-post-thumbnail hentry portfolio_cat-spezialisierungen\">\n\t\t<span class=\"entry-title\" style=\"display: none;\">Schamlippenkorrektur T\u00fcrkei<\/span><span class=\"vcard\" style=\"display: none;\"><span class=\"fn\"><a href=\"https:\/\/mehmetbekirsen.com\/de\/author\/onur\/\" title=\"onur taraf\u0131ndan yaz\u0131lan yaz\u0131lar\" rel=\"author\">onur<\/a><\/span><\/span><span class=\"updated\" style=\"display:none\">2024-07-09T13:39:29+03:00<\/span>\t\t<div class=\"portfolio-item default\">\n\t\t\t\n\t\t\t<a class=\"text-decoration-none portfolio-link\" href=\"https:\/\/mehmetbekirsen.com\/de\/spezialisierungen\/schamlippenkorrektur-turkei\/\">\n\t\t\t\t<span class=\"thumb-info thumb-info-lighten thumb-info-no-zoom\">\n\t\t\t\t\t<span class=\"thumb-info-wrapper\">\n\t\t\t\t\t\t\t\t\t\t\t\t\t\t\t<img decoding=\"async\" class=\"img-responsive\" src=\"https:\/\/mehmetbekirsen.com\/de\/wp-content\/uploads\/2023\/01\/4-1-400x300.jpg\" alt=\"\" width=\"400\" height=\"300\" \/>\n\t\t\t\t\t\t\t\t\t\n\t\t\t\t\t\t\n\t\t\t\t\t\t\n\t\t\t\t\t\t\t\t\t\t\t\t\t\t\t\t<span class=\"thumb-info-title\">\n\n\t\t\t\t\t\t\t\t\t\t<span class=\"thumb-info-inner\">Schamlippenkorrektur T\u00fcrkei<\/span>\n\n\t\t\t\t\t\t\t\t\t\t\n\t\t\t\t\t\t\t\t\t<\/span>\n\t\t\t\t\t\t\t\t\t\t\t\t\t\t\t\t\t\t\t\t\t\t\t\t\t\t\t\t\t\t\t<\/span>\n\t\t\t\t<\/span>\n\t\t\t<\/a>\n\t\t\t\t\t\t\t\t<\/div>\n\t<\/article>\n\t\t<article class=\"portfolio portfolio-grid portfolio-col-4 spezialisierungen post-783 type-portfolio status-publish has-post-thumbnail hentry portfolio_cat-spezialisierungen\">\n\t\t<span class=\"entry-title\" style=\"display: none;\">Vaginoplastik T\u00fcrkei<\/span><span class=\"vcard\" style=\"display: none;\"><span class=\"fn\"><a href=\"https:\/\/mehmetbekirsen.com\/de\/author\/onur\/\" title=\"onur taraf\u0131ndan yaz\u0131lan yaz\u0131lar\" rel=\"author\">onur<\/a><\/span><\/span><span class=\"updated\" style=\"display:none\">2024-07-12T11:39:26+03:00<\/span>\t\t<div class=\"portfolio-item default\">\n\t\t\t\n\t\t\t<a class=\"text-decoration-none portfolio-link\" href=\"https:\/\/mehmetbekirsen.com\/de\/spezialisierungen\/vaginoplastik-turkei\/\">\n\t\t\t\t<span class=\"thumb-info thumb-info-lighten thumb-info-no-zoom\">\n\t\t\t\t\t<span class=\"thumb-info-wrapper\">\n\t\t\t\t\t\t\t\t\t\t\t\t\t\t\t<img decoding=\"async\" class=\"img-responsive\" src=\"https:\/\/mehmetbekirsen.com\/de\/wp-content\/uploads\/2023\/01\/3-1-400x300.jpg\" alt=\"\" width=\"400\" height=\"300\" \/>\n\t\t\t\t\t\t\t\t\t\n\t\t\t\t\t\t\n\t\t\t\t\t\t\n\t\t\t\t\t\t\t\t\t\t\t\t\t\t\t\t<span class=\"thumb-info-title\">\n\n\t\t\t\t\t\t\t\t\t\t<span class=\"thumb-info-inner\">Vaginoplastik T\u00fcrkei<\/span>\n\n\t\t\t\t\t\t\t\t\t\t\n\t\t\t\t\t\t\t\t\t<\/span>\n\t\t\t\t\t\t\t\t\t\t\t\t\t\t\t\t\t\t\t\t\t\t\t\t\t\t\t\t\t\t\t<\/span>\n\t\t\t\t<\/span>\n\t\t\t<\/a>\n\t\t\t\t\t\t\t\t<\/div>\n\t<\/article>\n\t\t<article class=\"portfolio portfolio-grid portfolio-col-4 spezialisierungen post-781 type-portfolio status-publish has-post-thumbnail hentry portfolio_cat-spezialisierungen\">\n\t\t<span class=\"entry-title\" style=\"display: none;\">Genital\u00e4sthetik T\u00fcrkei<\/span><span class=\"vcard\" style=\"display: none;\"><span class=\"fn\"><a href=\"https:\/\/mehmetbekirsen.com\/de\/author\/onur\/\" title=\"onur taraf\u0131ndan yaz\u0131lan yaz\u0131lar\" rel=\"author\">onur<\/a><\/span><\/span><span class=\"updated\" style=\"display:none\">2024-07-12T11:42:41+03:00<\/span>\t\t<div class=\"portfolio-item default\">\n\t\t\t\n\t\t\t<a class=\"text-decoration-none portfolio-link\" href=\"https:\/\/mehmetbekirsen.com\/de\/spezialisierungen\/genitalasthetik-turkei\/\">\n\t\t\t\t<span class=\"thumb-info thumb-info-lighten thumb-info-no-zoom\">\n\t\t\t\t\t<span class=\"thumb-info-wrapper\">\n\t\t\t\t\t\t\t\t\t\t\t\t\t\t\t<img decoding=\"async\" class=\"img-responsive\" src=\"https:\/\/mehmetbekirsen.com\/de\/wp-content\/uploads\/2023\/01\/1-1-400x300.jpg\" alt=\"\" width=\"400\" height=\"300\" \/>\n\t\t\t\t\t\t\t\t\t\n\t\t\t\t\t\t\n\t\t\t\t\t\t\n\t\t\t\t\t\t\t\t\t\t\t\t\t\t\t\t<span class=\"thumb-info-title\">\n\n\t\t\t\t\t\t\t\t\t\t<span class=\"thumb-info-inner\">Genital\u00e4sthetik T\u00fcrkei<\/span>\n\n\t\t\t\t\t\t\t\t\t\t\n\t\t\t\t\t\t\t\t\t<\/span>\n\t\t\t\t\t\t\t\t\t\t\t\t\t\t\t\t\t\t\t\t\t\t\t\t\t\t\t\t\t\t\t<\/span>\n\t\t\t\t<\/span>\n\t\t\t<\/a>\n\t\t\t\t\t\t\t\t<\/div>\n\t<\/article>\n\t\r\n\t\r\n\t\r\n\t\t<\/div>\r\n\r\n\t\r\n\t\r\n\t<\/div>\r\n\r\n\t\r\n\t\r\n\t<\/div>[\/vc_column][\/vc_row][vc_row wrap_container=&#8221;yes&#8221; el_class=&#8221;p-b-none&#8221;][vc_column section_text_color=&#8221;light&#8221;][vc_empty_space height=&#8221;20px&#8221;][vc_row_inner][vc_column_inner width=&#8221;1\/3&#8243;][vc_custom_heading text=&#8221;<strong>Op.Dr.Mehmet Bekir \u015een<\/strong>&#8221; use_theme_fonts=&#8221;yes&#8221;][vc_single_image image=&#8221;817&#8243; img_size=&#8221;full&#8221; alignment=&#8221;center&#8221;][\/vc_column_inner][vc_column_inner width=&#8221;2\/3&#8243;][vc_column_text]Dr. Mehmet Bekir \u015een wurde im Bezirk Antakya in Hatay geboren. Er absolvierte seine Grundschule, Sekundarschule und das Gymnasium in Hatay. Er schloss die medizinische Fakult\u00e4t der Yeditepe-Universit\u00e4t mit Auszeichnung ab. Nach dem Abschluss seines Studiums erzielte er bei der ersten TUS-Pr\u00fcfung, die er ablegte, eine hohe Punktzahl und erwarb eine Facharztausbildung in Frauenheilkunde und Geburtshilfe in Istanbul.<\/p>\n<p>W\u00e4hrend und nach seiner Facharztausbildung sammelte er au\u00dfer bei nationalen Kongressen und Schulungen Erfahrung, indem er mit Fach\u00e4rzten in England und Amerika zusammenarbeitete, insbesondere in den Bereichen Genital\u00e4sthetik und kosmetische Gyn\u00e4kologie, wo er die neuesten Techniken anwendete. Nach seiner Facharztausbildung bereicherte er sein Wissen und seine Kultur weiter, indem er mit Prof. Nicolaides am King\u2019s College London, im Fetal Medicine Centre, Perinatologie-Abteilung, arbeitete.<\/p>\n<p>Nach seinen Studien im Ausland kehrte er in die T\u00fcrkei zur\u00fcck und gr\u00fcndete zun\u00e4chst seine Privatpraxis in Antalya. Sp\u00e4ter er\u00f6ffnete er aufgrund der gestiegenen Nachfrage internationaler Patienten eine zentraler gelegene Klinik im Istanbul Zorlu Center. Er setzt seine Praxist\u00e4tigkeit in seiner Privatklinik im Istanbul Zorlu Center fort. Er bietet seinen wertvollen Patienten insbesondere in den Bereichen kosmetische Gyn\u00e4kologie und genitale \u00c4sthetik in Istanbul (Vaginalstraffung, Labioplastik usw.), Schwangerschaftsunterbrechung, Wiederherstellung des Jungfernh\u00e4utchens, Genitalwarzen, HPV, Frauengesundheit und -krankheiten, Schwangerschafts\u00fcberwachung und Geburt sowie Behandlungen von Unfruchtbarkeit Dienstleistungen an.<\/p>\n<p>Seit Januar 2022 empf\u00e4ngt Dr. Mehmet Bekir \u015een in der Sendung \u201eGesundheit um Acht\u201c auf TV8 jeden Wochentag morgens G\u00e4ste. Durch seine Investitionen und Arbeiten im Bereich des Gesundheitstourismus tr\u00e4gt er auch in diesem Bereich zum Wert unseres\u00a0Landes\u00a0bei.[\/vc_column_text][\/vc_column_inner][\/vc_row_inner][\/vc_column][\/vc_row][vc_row wrap_container=&#8221;yes&#8221; bg_type=&#8221;bg_color&#8221; bg_color_value=&#8221;#f4f4f4&#8243;][vc_column][vc_empty_space height=&#8221;20px&#8221;][vc_custom_heading text=&#8221;<strong>Vertraglich vereinbarte Versicherungen<\/strong>&#8221; font_container=&#8221;tag:h2|text_align:center&#8221; use_theme_fonts=&#8221;yes&#8221; css=&#8221;.vc_custom_1674133820915{margin-bottom: 0px !important;border-bottom-width: 0px !important;}&#8221;][vc_row_inner][vc_column_inner width=&#8221;1\/4&#8243;][\/vc_column_inner][vc_column_inner width=&#8221;1\/4&#8243;][vc_single_image image=&#8221;321&#8243; img_size=&#8221;235&#215;100&#8243; alignment=&#8221;center&#8221;][\/vc_column_inner][vc_column_inner width=&#8221;1\/4&#8243;][vc_single_image image=&#8221;366&#8243; img_size=&#8221;235&#215;100&#8243; alignment=&#8221;center&#8221;][\/vc_column_inner][vc_column_inner width=&#8221;1\/4&#8243;][\/vc_column_inner][\/vc_row_inner][\/vc_column][\/vc_row][vc_row wrap_container=&#8221;yes&#8221; bg_type=&#8221;bg_color&#8221; bg_color_value=&#8221;#37b1e3&#8243; css=&#8221;.vc_custom_1641723914557{background-color: #ff6c2c !important;}&#8221;][vc_column css_animation=&#8221;fadeInDown&#8221;][vc_empty_space height=&#8221;20px&#8221;][vc_custom_heading text=&#8221;<strong>Deine Kommentare<\/strong>&#8221; font_container=&#8221;tag:h2|text_align:center|color:%23ffffff&#8221; use_theme_fonts=&#8221;yes&#8221; link=&#8221;url:https%3A%2F%2Fmehmetbekirsen.com%2Fde%2Fbemerkungen%2F&#8221;]<div class=\"porto-carousel owl-carousel has-ccols has-ccols-spacing ccols-xl-1 ccols-lg-1 ccols-md-1 ccols-sm-1 ccols-1 wpb_custom_70a89e142ccf56dcd4c7bfc4b40db368\" data-plugin-options=\"{&quot;themeConfig&quot;:true,&quot;stagePadding&quot;:0,&quot;margin&quot;:10,&quot;autoplay&quot;:&quot;yes&quot;,&quot;mouseDrag&quot;:true,&quot;touchDrag&quot;:true,&quot;autoplayTimeout&quot;:5000,&quot;autoplayHoverPause&quot;:&quot;true&quot;,&quot;items&quot;:1,&quot;xl&quot;:1,&quot;lg&quot;:1,&quot;md&quot;:1,&quot;sm&quot;:1,&quot;xs&quot;:1,&quot;nav&quot;:false,&quot;dots&quot;:false,&quot;animateIn&quot;:&quot;&quot;,&quot;animateOut&quot;:&quot;&quot;,&quot;loop&quot;:&quot;yes&quot;,&quot;center&quot;:false,&quot;video&quot;:false,&quot;lazyLoad&quot;:false,&quot;fullscreen&quot;:false}\"><div class=\"porto-testimonial wpb_content_element   wpb_custom_4760b66c0cbf51ec9a7673f3785bca75\"><div class=\"testimonial testimonial-style-6 testimonial-with-quotes testimonial-light\"><blockquote><p>Ich hatte schon einmal eine Vaginoplastik an einem anderen Ort. Allerdings waren wir mit den Ergebnissen nicht zufrieden. Ich suchte einen zweiten Arzt f\u00fcr die Revision, zum Gl\u00fcck konnte ich einen erfahrenen Arzt in Antalya finden, ohne die \u015eeh\u015fr zu wechseln. Obwohl Revisionsoperationen normalerweise viel schwieriger sind, hat Dr. Mehmet meine Operation durchgef\u00fchrt, wir sind sehr zufrieden mit dem Ergebnis, ich kann es auf jeden Fall empfehlen.<\/p><\/blockquote><div class=\"testimonial-author\"><p><strong>Mel*** \u00c7***<\/strong><span><\/span><\/p><\/div><\/div><\/div><div class=\"porto-testimonial wpb_content_element   wpb_custom_4760b66c0cbf51ec9a7673f3785bca75\"><div class=\"testimonial testimonial-style-6 testimonial-with-quotes testimonial-light\"><blockquote><p>Herr Doktor, ich war ein Patient aus alten Versicherungszeiten. Wir gehen zur Schwangerschaftskontrolle. Er wird meine Geburt bei ihm durchf\u00fchren lassen. Seine Praxis ist wirklich sch\u00f6n. Ehrlich gesagt, die Geb\u00fchren sind Zahlen, die jeder bezahlen kann. Es ist keine \u00dcbertreibung. Wenn Sie einen besonderen Service w\u00fcnschen und einen Arzt suchen, den Sie rund um die Uhr erreichen k\u00f6nnen, wundern Sie sich nicht \u00fcber Mehmet Bekir, Lehrer und Qualit\u00e4t, Freunde. Dein<\/p><\/blockquote><div class=\"testimonial-author\"><p><strong>Neb*** C***<\/strong><span><\/span><\/p><\/div><\/div><\/div><div class=\"porto-testimonial wpb_content_element   wpb_custom_4760b66c0cbf51ec9a7673f3785bca75\"><div class=\"testimonial testimonial-style-6 testimonial-with-quotes testimonial-light\"><blockquote><p>Mein Lehrer, den ich nach wochenlanger Recherche von \u00c4rzten gefunden habe, und das habe ich schlie\u00dflich gesagt. Meine erste Geburt war sehr schwierig und es war durch Vakuum. Das Bild der Episio-Narbe hat mich sehr gest\u00f6rt. Wir haben auch eine unvermeidliche Vergr\u00f6\u00dferung nach der Geburt gesp\u00fcrt. Ich hatte eine Perineoplastik-Operation, 1 Monat ist seit meiner Operation vergangen und ich bin sehr zufrieden mit meiner Operation. richtige Wahl. Vielen Dank<br \/>\n<\/p><\/blockquote><div class=\"testimonial-author\"><p><strong>a.....<\/strong><span><\/span><\/p><\/div><\/div><\/div><\/div>[\/vc_column][\/vc_row][vc_row wrap_container=&#8221;yes&#8221; bg_type=&#8221;bg_color&#8221; bg_color_value=&#8221;#f4f4f4&#8243;][vc_column][vc_empty_space height=&#8221;20px&#8221;][vc_custom_heading text=&#8221;<strong>Zertifikat f\u00fcr Gesundheitstourismus<\/strong>&#8221; font_container=&#8221;tag:h2|text_align:center&#8221; use_theme_fonts=&#8221;yes&#8221; css=&#8221;.vc_custom_1772865363540{margin-bottom: 0px !important;border-bottom-width: 0px !important;}&#8221;][vc_empty_space height=&#8221;20px&#8221;][vc_row_inner][vc_column_inner width=&#8221;1\/4&#8243;][\/vc_column_inner][vc_column_inner width=&#8221;1\/2&#8243;][vc_single_image image=&#8221;918&#8243; img_size=&#8221;full&#8221; alignment=&#8221;center&#8221; onclick=&#8221;link_image&#8221;][vc_single_image image=&#8221;919&#8243; img_size=&#8221;235&#215;100&#8243; alignment=&#8221;center&#8221; onclick=&#8221;link_image&#8221;][\/vc_column_inner][vc_column_inner width=&#8221;1\/4&#8243;][\/vc_column_inner][\/vc_row_inner][\/vc_column][\/vc_row]<\/p>\n<\/section>","protected":false},"excerpt":{"rendered":"<p>[vc_row full_width=&#8221;stretch_row_content_no_spaces&#8221;][vc_column][vc_single_image image=&#8221;811&#8243; img_size=&#8221;full&#8221; alignment=&#8221;center&#8221; css=&#8221;.vc_custom_1674228117114{margin-bottom: 0px !important;border-bottom-width: 0px !important;padding-bottom: 0px !important;}&#8221;][\/vc_column][\/vc_row][vc_row wrap_container=&#8221;yes&#8221; remove_margin_bottom=&#8221;yes&#8221; remove_padding_bottom=&#8221;yes&#8221; remove_border=&#8221;yes&#8221; el_class=&#8221;home-intro&#8221; css=&#8221;.vc_custom_1641723902216{background-color: #ff6c2c !important;}&#8221;][vc_column width=&#8221;2\/3&#8243; section_text_color=&#8221;light&#8221;][vc_column_text css_animation=&#8221;none&#8221; el_class=&#8221;m-b-none&#8221;]Op. Dr. Mehmet Bekir \u015een Facharzt f\u00fcr Gyn\u00e4kologie und Geburtshilfe[\/vc_column_text][\/vc_column][vc_column width=&#8221;1\/3&#8243; el_class=&#8221;get-started&#8221;][vc_btn title=&#8221;Contact&#8221; style=&#8221;3d&#8221; color=&#8221;white&#8221; size=&#8221;sm&#8221; align=&#8221;center&#8221; i_type=&#8221;typicons&#8221; i_icon_typicons=&#8221;typcn typcn-arrow-forward&#8221; add_icon=&#8221;true&#8221; css_animation=&#8221;none&#8221; css=&#8221;.vc_custom_1674228021692{background-color: #ff6c2c !important;}&#8221; link=&#8221;url:https%3A%2F%2Fmehmetbekirsen.com%2Fde%2Fkontakt%2F|title:Kontakt&#8221;][\/vc_column][\/vc_row][vc_row wrap_container=&#8221;yes&#8221; bg_type=&#8221;bg_color&#8221; bg_color_value=&#8221;#f4f4f4&#8243; css=&#8221;.vc_custom_1624694246402{background-color: #f4f4f4 !important;}&#8221;][vc_column][vc_empty_space [&hellip;]<\/p>\n","protected":false},"author":1,"featured_media":0,"parent":0,"menu_order":0,"comment_status":"closed","ping_status":"closed","template":"","meta":{"_joinchat":[],"footnotes":""},"class_list":["post-11","page","type-page","status-publish","hentry"],"aioseo_notices":[],"_links":{"self":[{"href":"https:\/\/mehmetbekirsen.com\/de\/wp-json\/wp\/v2\/pages\/11","targetHints":{"allow":["GET"]}}],"collection":[{"href":"https:\/\/mehmetbekirsen.com\/de\/wp-json\/wp\/v2\/pages"}],"about":[{"href":"https:\/\/mehmetbekirsen.com\/de\/wp-json\/wp\/v2\/types\/page"}],"author":[{"embeddable":true,"href":"https:\/\/mehmetbekirsen.com\/de\/wp-json\/wp\/v2\/users\/1"}],"replies":[{"embeddable":true,"href":"https:\/\/mehmetbekirsen.com\/de\/wp-json\/wp\/v2\/comments?post=11"}],"version-history":[{"count":0,"href":"https:\/\/mehmetbekirsen.com\/de\/wp-json\/wp\/v2\/pages\/11\/revisions"}],"wp:attachment":[{"href":"https:\/\/mehmetbekirsen.com\/de\/wp-json\/wp\/v2\/media?parent=11"}],"curies":[{"name":"wp","href":"https:\/\/api.w.org\/{rel}","templated":true}]}}