{"id":14,"date":"2022-01-09T12:10:10","date_gmt":"2022-01-09T09:10:10","guid":{"rendered":"https:\/\/mehmetbekirsen.com\/?page_id=14"},"modified":"2024-11-20T09:13:30","modified_gmt":"2024-11-20T06:13:30","slug":"uber-mich","status":"publish","type":"page","link":"https:\/\/mehmetbekirsen.com\/de\/uber-mich\/","title":{"rendered":"\u00dcber mich"},"content":{"rendered":"<p class=\"box-header animation-slide slide\"><span style=\"font-size: 24px; color: #000000;\"><strong>Op. Dr. Mehmet Bekir \u015een<\/strong><\/span><br \/>\n<span style=\"font-size: 20px; color: #000000;\">Facharzt f\u00fcr Gyn\u00e4kologie und Geburtshilfe<\/span><\/p>\n<hr \/>\n<p><img decoding=\"async\" class=\"size-full wp-image-79 alignright\" src=\"https:\/\/mehmetbekirsen.com\/de\/wp-content\/uploads\/2022\/01\/dr-mehmet-bekir-sen-1-1.jpg\" alt=\"dr mehmet bekir \u015fen\" width=\"400\" height=\"500\" srcset=\"https:\/\/mehmetbekirsen.com\/de\/wp-content\/uploads\/2022\/01\/dr-mehmet-bekir-sen-1-1.jpg 400w, https:\/\/mehmetbekirsen.com\/de\/wp-content\/uploads\/2022\/01\/dr-mehmet-bekir-sen-1-1-367x459.jpg 367w\" sizes=\"(max-width: 400px) 100vw, 400px\" \/><\/p>\n<p>Dr. Mehmet Bekir \u015een wurde im Bezirk Antakya in Hatay geboren. Er absolvierte seine Grundschule, Sekundarschule und das Gymnasium in Hatay. Er schloss die medizinische Fakult\u00e4t der Yeditepe-Universit\u00e4t mit Auszeichnung ab. Nach dem Abschluss seines Studiums erzielte er bei der ersten TUS-Pr\u00fcfung, die er ablegte, eine hohe Punktzahl und erwarb eine Facharztausbildung in Frauenheilkunde und Geburtshilfe in Istanbul.<\/p>\n<p>W\u00e4hrend und nach seiner Facharztausbildung sammelte er au\u00dfer bei nationalen Kongressen und Schulungen Erfahrung, indem er mit Fach\u00e4rzten in England und Amerika zusammenarbeitete, insbesondere in den Bereichen Genital\u00e4sthetik und kosmetische Gyn\u00e4kologie, wo er die neuesten Techniken anwendete. Nach seiner Facharztausbildung bereicherte er sein Wissen und seine Kultur weiter, indem er mit Prof. Nicolaides am King\u2019s College London, im Fetal Medicine Centre, Perinatologie-Abteilung, arbeitete.<\/p>\n<p>Nach seinen Studien im Ausland kehrte er in die T\u00fcrkei zur\u00fcck und gr\u00fcndete zun\u00e4chst seine Privatpraxis in Antalya. Sp\u00e4ter er\u00f6ffnete er aufgrund der gestiegenen Nachfrage internationaler Patienten eine zentraler gelegene Klinik im Istanbul Zorlu Center. Er setzt seine Praxist\u00e4tigkeit in seiner Privatklinik im Istanbul Zorlu Center fort. Er bietet seinen wertvollen Patienten insbesondere in den Bereichen kosmetische Gyn\u00e4kologie und genitale \u00c4sthetik in Istanbul (Vaginalstraffung, Labioplastik usw.), Schwangerschaftsunterbrechung, Wiederherstellung des Jungfernh\u00e4utchens, Genitalwarzen, HPV, Frauengesundheit und -krankheiten, Schwangerschafts\u00fcberwachung und Geburt sowie Behandlungen von Unfruchtbarkeit Dienstleistungen an.<\/p>\n<p>Seit Januar 2022 empf\u00e4ngt Dr. Mehmet Bekir \u015een in der Sendung \u201eGesundheit um Acht\u201c auf TV8 jeden Wochentag morgens G\u00e4ste. Durch seine Investitionen und Arbeiten im Bereich des Gesundheitstourismus tr\u00e4gt er auch in diesem Bereich zum Wert unseres\u00a0Landes\u00a0bei.<\/p>\n<p>&nbsp;<\/p>\n","protected":false},"excerpt":{"rendered":"<p>Op. Dr. Mehmet Bekir \u015een Facharzt f\u00fcr Gyn\u00e4kologie und Geburtshilfe Dr. Mehmet Bekir \u015een wurde im Bezirk Antakya in Hatay geboren. Er absolvierte seine Grundschule, Sekundarschule und das Gymnasium in Hatay. Er schloss die medizinische Fakult\u00e4t der Yeditepe-Universit\u00e4t mit Auszeichnung ab. Nach dem Abschluss seines Studiums erzielte er bei der ersten TUS-Pr\u00fcfung, die er ablegte, [&hellip;]<\/p>\n","protected":false},"author":1,"featured_media":0,"parent":0,"menu_order":0,"comment_status":"closed","ping_status":"closed","template":"","meta":{"_joinchat":[],"footnotes":""},"class_list":["post-14","page","type-page","status-publish","hentry"],"aioseo_notices":[],"_links":{"self":[{"href":"https:\/\/mehmetbekirsen.com\/de\/wp-json\/wp\/v2\/pages\/14","targetHints":{"allow":["GET"]}}],"collection":[{"href":"https:\/\/mehmetbekirsen.com\/de\/wp-json\/wp\/v2\/pages"}],"about":[{"href":"https:\/\/mehmetbekirsen.com\/de\/wp-json\/wp\/v2\/types\/page"}],"author":[{"embeddable":true,"href":"https:\/\/mehmetbekirsen.com\/de\/wp-json\/wp\/v2\/users\/1"}],"replies":[{"embeddable":true,"href":"https:\/\/mehmetbekirsen.com\/de\/wp-json\/wp\/v2\/comments?post=14"}],"version-history":[{"count":0,"href":"https:\/\/mehmetbekirsen.com\/de\/wp-json\/wp\/v2\/pages\/14\/revisions"}],"wp:attachment":[{"href":"https:\/\/mehmetbekirsen.com\/de\/wp-json\/wp\/v2\/media?parent=14"}],"curies":[{"name":"wp","href":"https:\/\/api.w.org\/{rel}","templated":true}]}}