{"id":16,"date":"2022-01-09T12:10:26","date_gmt":"2022-01-09T09:10:26","guid":{"rendered":"https:\/\/mehmetbekirsen.com\/?page_id=16"},"modified":"2024-12-23T11:40:14","modified_gmt":"2024-12-23T08:40:14","slug":"bewertungen","status":"publish","type":"page","link":"https:\/\/mehmetbekirsen.com\/de\/bewertungen\/","title":{"rendered":"Bewertungen"},"content":{"rendered":"<section class=\"wpb-content-wrapper\"><p>[vc_row][vc_column][vc_custom_heading text=&#8221;<b>Patientenbewertungen<\/b>&#8221; use_theme_fonts=&#8221;yes&#8221; el_class=&#8221;shorter&#8221;]<div class=\"porto-testimonial wpb_content_element   wpb_custom_4760b66c0cbf51ec9a7673f3785bca75\"><div class=\"testimonial testimonial-style-4\"><blockquote><p>Diese Bewertung hat lange auf sich warten lassen, aber ich freue mich, meine wundervollen Erfahrungen mit Dr. Mehmet Bekir Sen zu teilen! Es verdient bekannt zu werden. Also los geht\u2019s \u2026 Als ich 24 Jahre alt war, hatte ich im April 2020 in London eine verpfuschte Schamlippenkorrektur (leider von einem ungelernten Chirurgen). Ich war mit einer Seite \u00fcberschnitten und zu klein zur\u00fcckgelassen \u2026 und eine Seite meiner Stiche platzte auf die n\u00e4hte, was nicht nur weh tat..sondern auch mein selbstvertrauen komplett zerst\u00f6rte. Ich wusste nicht, was ich tun sollte, und dann erinnerte ich mich, dass ich Dr. Sen\u2019s Arbeit \u00fcber Ig gesehen hatte. Er schien der Beste der Besten zu sein; ein echter Luxus-Traumchirurg zum Arbeiten. Er hat schon fr\u00fcher an vielen herausfordernden F\u00e4llen gearbeitet, also hoffte ich, dass er mir helfen k\u00f6nnte. Dann machte ich eine kleine Anzahlung f\u00fcr die Operation und bekam eine sehr ausf\u00fchrliche Liste mit Dingen, wie ich mich auf meine Operation und meine Reise vorbereiten k\u00f6nnte. Seine Mitarbeiter haben gro\u00dfartige Arbeit geleistet, um im Vorfeld mit mir zu kommunizieren, alle meine Fragen zu beantworten und mich zu beruhigen. Am Tag der Operation f\u00fchlte ich mich sehr sicher und umsorgt. Nach der Operation hatte ich NIE Schmerzen, Unbehagen oder Sorgen. Jetzt ist die Haut vollst\u00e4ndig erholt und sch\u00f6n!!! Sie k\u00f6nnen wirklich nicht einmal sagen, dass ich operiert wurde. Mein Selbstvertrauen und mein Sexualleben sind besser als je zuvor! Sogar mein Freund ist verr\u00fcckt danach!! Ich kann nicht glauben, dass ich ein so sch\u00f6nes Ergebnis f\u00fcr den Rest meines Lebens sehen kann. Ohne zu z\u00f6gern\u2026 Vertrauen Sie Dr. Mehmet und seinem Team!! Er ist unglaublich, unbeschreiblich \u2026<br \/>\n<\/p><\/blockquote><div class=\"testimonial-arrow-down\"><\/div><div class=\"testimonial-author\"><p><strong>Jessica b\u2026.,New York<\/strong><span><\/span><\/p><\/div><\/div><\/div><div class=\"porto-testimonial wpb_content_element   wpb_custom_4760b66c0cbf51ec9a7673f3785bca75\"><div class=\"testimonial testimonial-style-4\"><blockquote><p>Dr. Mehmet Bekir Sen hat meine Labioplastik vor etwas mehr als einem Jahr durchgef\u00fchrt und es hat mein Leben ver\u00e4ndert!! Es begann mit einer netten Beratung und seine Mitarbeiter sind sehr reaktionsschnell, verst\u00e4ndnisvoll und freundlich. Es war ein schnelles Verfahren, und sie versorgten mich mit einem gro\u00dfartigen Heimpaket f\u00fcr die Heilung nach der Operation. Es dauerte etwa 5 Wochen, um vollst\u00e4ndig zu heilen. Ein Jahr sp\u00e4ter und ich bin so froh, dass ich mich f\u00fcr dieses Verfahren von Dr. Mehmet entschieden habe. Der Weg und das Ergebnis hat sich mit meinem Vertrauen in Dr. Mehmet absolut gelohnt. Ich empfehle sehr<br \/>\n<\/p><\/blockquote><div class=\"testimonial-arrow-down\"><\/div><div class=\"testimonial-author\"><p><strong>Hazel d\u2026.,San Diego<\/strong><span><\/span><\/p><\/div><\/div><\/div><div class=\"porto-testimonial wpb_content_element   wpb_custom_4760b66c0cbf51ec9a7673f3785bca75\"><div class=\"testimonial testimonial-style-4\"><blockquote><p>Doktor Mehmet ist die Nummer eins in Antalya. Er ist sehr freundlich und hilfsbereit in jeder Phase meiner Labioplastik-Reise. Und auch der Preis ist angemessen. Ich bin wirklich zufrieden mit dem Ergebnis. Wenn Sie einen \u00e4sthetischen Genitalchirurgen f\u00fcr eine Schamlippenkorrektur oder etwas anderes suchen, z\u00f6gern Sie nicht, ihn zu kontaktieren.<br \/>\n<\/p><\/blockquote><div class=\"testimonial-arrow-down\"><\/div><div class=\"testimonial-author\"><p><strong>Michell s\u2026.,Germany<\/strong><span><\/span><\/p><\/div><\/div><\/div><div class=\"porto-testimonial wpb_content_element   wpb_custom_4760b66c0cbf51ec9a7673f3785bca75\"><div class=\"testimonial testimonial-style-4\"><blockquote><p>Doktor Mehmet ist ein sehr erfolgreicher Arzt. Am ersten Tag nach meiner Vaginoplastik hatte ich keine Schmerzen. Mein Spezialgebiet sieht jetzt gro\u00dfartig aus. Herr SEN und sein Team sind sehr erfahren und interessiert. Vielen Dank f\u00fcr alles!<br \/>\n<\/p><\/blockquote><div class=\"testimonial-arrow-down\"><\/div><div class=\"testimonial-author\"><p><strong>Anna\u2026.,London<\/strong><span><\/span><\/p><\/div><\/div><\/div><div class=\"porto-testimonial wpb_content_element   wpb_custom_4760b66c0cbf51ec9a7673f3785bca75\"><div class=\"testimonial testimonial-style-4\"><blockquote><p>Ich hatte eine erstaunliche Erfahrung mit einem erstaunlichen Arzt. Ich schreibe meine Rezension, nachdem ich Antalia verlassen hatte, um nur die Wahrheit zu sagen. Ich litt nach 4 Kindern an einem Prolaps in meiner Vagina. In meiner Krankengeschichte hatte ich 3 Mal Probleme mit der An\u00e4sthesie. Mit dem Team von Dr. Mehmet wurde ich jedoch erfolgreich operiert. Ich hatte keine Komplikationen durch die An\u00e4sthesie. Meine Operation ist absolut erfolgreich. Danke f\u00fcr alles und danke an Allah, dass ich diesen gro\u00dfartigen Arzt mit diesem wirklich gro\u00dfartigen Team kennengelernt habe.<br \/>\n<\/p><\/blockquote><div class=\"testimonial-arrow-down\"><\/div><div class=\"testimonial-author\"><p><strong>Eva l\u2026.,Italy<\/strong><span><\/span><\/p><\/div><\/div><\/div><div class=\"porto-testimonial wpb_content_element   wpb_custom_4760b66c0cbf51ec9a7673f3785bca75\"><div class=\"testimonial testimonial-style-4\"><blockquote><p>Dr. SEN, Nuran Hanim, Fatosh und ihr Team sind wirklich unglaublich!! Ich hatte die beste Erfahrung mit ihnen, von der ersten Beratung \u00fcber die Operation bis hin zu meiner letzten Nachuntersuchung nach der Operation und allem dazwischen!! Ich hatte eine Schamlippenkorrektur und eine Klitorisvorhautverkleinerung, die ich mir schon sehr lange gew\u00fcnscht hatte. Ich habe eine Menge Nachforschungen angestellt, bevor ich mich einem Chirurgen verschrieben habe, und ich bin einfach so dankbar, dass ich mich f\u00fcr Dr. SEN entschieden habe. Nat\u00fcrlich war ich extrem nerv\u00f6s, eine Operation wie diese durchf\u00fchren zu lassen, aber Dr. SEN und Nuran Hanim beruhigten mich und machten tats\u00e4chlich den ersten Schritt und entschieden mich daf\u00fcr, alles andere danach war so viel besser, als ich es mir h\u00e4tte vorstellen k\u00f6nnen . Die Operation selbst ist ein Kinderspiel, Sie lehnen sich zur\u00fcck, schauen Netflix und sp\u00fcren nichts. Ich bin sehr gl\u00fccklich, dass ich es endlich geschafft habe, und ich bin Dr. Mehmet und seinem Team f\u00fcr immer dankbar, dass sie sich so gro\u00dfartig um mich gek\u00fcmmert haben! Danke dir!!<br \/>\n<\/p><\/blockquote><div class=\"testimonial-arrow-down\"><\/div><div class=\"testimonial-author\"><p><strong>Emma w\u2026,Miami<\/strong><span><\/span><\/p><\/div><\/div><\/div><div class=\"porto-testimonial wpb_content_element   wpb_custom_4760b66c0cbf51ec9a7673f3785bca75\"><div class=\"testimonial testimonial-style-4\"><blockquote><p>Ich habe endlich weitergemacht und eine Schamlippenkorrektur machen lassen! Ich war so nerv\u00f6s vor der eigentlichen Operation. Die ganze Operation selbst war praktisch schmerzlos. Ich bevorzuge eine andere Lokalan\u00e4sthesie als eine Sedierung. Meine Lokalan\u00e4sthesie war erstaunlich und ich habe w\u00e4hrend der Operation und wahrscheinlich bis etwa eine Stunde danach nichts gesp\u00fcrt. Ich werde mit dem Endergebnis zufrieden sein, sobald ich es richtig sehen kann.<br \/>\n<\/p><\/blockquote><div class=\"testimonial-arrow-down\"><\/div><div class=\"testimonial-author\"><p><strong>Laura f\u2026.,London<\/strong><span><\/span><\/p><\/div><\/div><\/div><div class=\"porto-testimonial wpb_content_element   wpb_custom_4760b66c0cbf51ec9a7673f3785bca75\"><div class=\"testimonial testimonial-style-4\"><blockquote><p>Ich f\u00fchle mich jetzt sicherer in meinen Ergebnissen und alles scheint gut zu heilen. Danke dir!!<br \/>\n<\/p><\/blockquote><div class=\"testimonial-arrow-down\"><\/div><div class=\"testimonial-author\"><p><strong>Katy l\u2026..,Amsterdam<\/strong><span><\/span><\/p><\/div><\/div><\/div><div class=\"porto-testimonial wpb_content_element   wpb_custom_4760b66c0cbf51ec9a7673f3785bca75\"><div class=\"testimonial testimonial-style-4\"><blockquote><p>Ich habe mich seit der Pubert\u00e4t unwohl gef\u00fchlt, als meine kleinen Schamlippen l\u00e4nger wurden und aus den gro\u00dfen Schamlippen herausragten. Ich bin im Allgemeinen extrem empfindlich, also obwohl meine kleinen Schamlippen nicht extrem lang waren, f\u00fchlte ich mich normalerweise unwohl mit ihnen. Ich mochte auch das Aussehen meiner Vulva nicht und die Klitorisvorhaut war ziemlich gro\u00df. Ich bin derzeit 7 Tage nach der Operation und jetzt sieht es sehr sch\u00f6n aus!! Ich bin mit dem Endergebnis zufrieden!!<br \/>\n<\/p><\/blockquote><div class=\"testimonial-arrow-down\"><\/div><div class=\"testimonial-author\"><p><strong>Margaret b\u2026.,Berlin<\/strong><span><\/span><\/p><\/div><\/div><\/div><div class=\"porto-testimonial wpb_content_element   wpb_custom_4760b66c0cbf51ec9a7673f3785bca75\"><div class=\"testimonial testimonial-style-4\"><blockquote><p>Ich bin 3 Tage nach der OP, die Schmerzen sind gering. Die Operation war so erfolgreich. Vielen Dank an Dr. Mehmet Bekir Sen und sein Team!!!<br \/>\n<\/p><\/blockquote><div class=\"testimonial-arrow-down\"><\/div><div class=\"testimonial-author\"><p><strong>Perla f\u2026.,London<\/strong><span><\/span><\/p><\/div><\/div><\/div><div class=\"porto-testimonial wpb_content_element   wpb_custom_4760b66c0cbf51ec9a7673f3785bca75\"><div class=\"testimonial testimonial-style-4\"><blockquote><p>My labia had bothered me since they started growing at puberty and after every delivery, I felt them grow more.So after three kids, I was in pain with wearing thongs, tight pants, leggings, everything seemed to pinch or pull. Swimming in the sea was guarenteed to give me a yeast infection. It was horrible. Physically and psychologically it really took a toll on me. I tried searching for doctors for this procedure, I searched on instagram and found Dr Mehmet. He is an OBGYN but also specializes in plastic surgery. The procedure took about 40 minutes or so, now 6 weeks after, things are looking pretty good if I do say so myself! I got to shave at last, so that\u2019 cool. no any complaints. Thank you very much for your services doctor!<\/p>\n<p><\/p><\/blockquote><div class=\"testimonial-arrow-down\"><\/div><div class=\"testimonial-author\"><p><strong>Regina t\u2026.,London<\/strong><span><\/span><\/p><\/div><\/div><\/div><div class=\"porto-testimonial wpb_content_element   wpb_custom_4760b66c0cbf51ec9a7673f3785bca75\"><div class=\"testimonial testimonial-style-4\"><blockquote><p>Ich bin so gl\u00fccklich mit den Ergebnissen, es hat mein Leben wirklich ver\u00e4ndert und ist alles wert!<br \/>\n<\/p><\/blockquote><div class=\"testimonial-arrow-down\"><\/div><div class=\"testimonial-author\"><p><strong>Rowena b\u2026.,UK<\/strong><span><\/span><\/p><\/div><\/div><\/div><div class=\"porto-testimonial wpb_content_element   wpb_custom_4760b66c0cbf51ec9a7673f3785bca75\"><div class=\"testimonial testimonial-style-4\"><blockquote><p>Man kann nicht sagen, dass dort unten etwas gemacht wurde und es sieht so viel besser aus !! Danke dir<br \/>\n<\/p><\/blockquote><div class=\"testimonial-arrow-down\"><\/div><div class=\"testimonial-author\"><p><strong>Victoria s\u2026.,Spain<\/strong><span><\/span><\/p><\/div><\/div><\/div><div class=\"porto-testimonial wpb_content_element   wpb_custom_4760b66c0cbf51ec9a7673f3785bca75\"><div class=\"testimonial testimonial-style-4\"><blockquote><p>Die B\u00fcro- und Pr\u00fcfungsr\u00e4ume sind sch\u00f6n und sauber! Bei der Untersuchung durch den Arzt habe ich mich sehr wohl und wohl gef\u00fchlt. Ich machte schnell den OP-Termin. Es dauerte ungef\u00e4hr eine Stunde und ich habe die ganze Zeit nur Netflix geschaut \u2026 Danke f\u00fcr die Operation, alles ist gro\u00dfartig! Nun, ich glaube nicht, dass es mir etwas ausmachen wird, wenn jemand da unten mich ansieht, ohne Angst davor zu haben, was ihm durch den Kopf geht!<br \/>\n<\/p><\/blockquote><div class=\"testimonial-arrow-down\"><\/div><div class=\"testimonial-author\"><p><strong>Ursula h\u2026.,Ireland<\/strong><span><\/span><\/p><\/div><\/div><\/div><div class=\"porto-testimonial wpb_content_element   wpb_custom_4760b66c0cbf51ec9a7673f3785bca75\"><div class=\"testimonial testimonial-style-4\"><blockquote><p>Am Ende habe ich tats\u00e4chlich die \u00e4u\u00dferen Schamlippen nach unten bekommen. Er ist unglaublich und l\u00e4sst alles nat\u00fcrlich aussehen. Danke, DoktorSEN !!!<br \/>\n<\/p><\/blockquote><div class=\"testimonial-arrow-down\"><\/div><div class=\"testimonial-author\"><p><strong>Valencia c\u2026.,Germany<\/strong><span><\/span><\/p><\/div><\/div><\/div><div class=\"porto-testimonial wpb_content_element   wpb_custom_4760b66c0cbf51ec9a7673f3785bca75\"><div class=\"testimonial testimonial-style-4\"><blockquote><p>Ich war zu Besuch in Antalya und entschied mich, eine Vaginoplastik bei Dr. Mehmet Bekir Sen zu buchen, nachdem ich ihre gro\u00dfartigen Bewertungen im Internet gesehen hatte. Ich wurde \u00fcber Wp von einem ihrer leitenden Koordinatoren kontaktiert. Sie sind sehr professionell. Es wurde ein Behandlungsplan erstellt, und ich fand, dass der angegebene Preis f\u00fcr den gesamten Service ein ausgezeichnetes Preis-Leistungs-Verh\u00e4ltnis hatte. Ich habe es sehr gesch\u00e4tzt, dass ich ohne Frage alles bekommen habe, was ich brauchte, von Transfers \u00fcber Nachsorge bis hin zu Medikamenten und Requisiten. Vielen Dank f\u00fcr alles!!<br \/>\n<\/p><\/blockquote><div class=\"testimonial-arrow-down\"><\/div><div class=\"testimonial-author\"><p><strong>Yolanda h\u2026.,Holland<\/strong><span><\/span><\/p><\/div><\/div><\/div><div class=\"porto-testimonial wpb_content_element   wpb_custom_4760b66c0cbf51ec9a7673f3785bca75\"><div class=\"testimonial testimonial-style-4\"><blockquote><p>Ich hatte eine Beratung bei Dr. Mehmet Bekir Sen f\u00fcr meine Schamlippenkorrektur, ich habe ihm sofort vertraut und mich wohl gef\u00fchlt, nat\u00fcrlich habe ich auch recherchiert. Ich war nerv\u00f6s wegen des Eingriffs, aber es ist das Beste, was ich je f\u00fcr mein Selbstvertrauen getan habe, er hat gro\u00dfartige Arbeit geleistet und ich sehe viel frischer aus und das Alter, das ich innerlich f\u00fchle.<br \/>\n<\/p><\/blockquote><div class=\"testimonial-arrow-down\"><\/div><div class=\"testimonial-author\"><p><strong>Amy d\u2026.,Manchester<\/strong><span><\/span><\/p><\/div><\/div><\/div><div class=\"porto-testimonial wpb_content_element   wpb_custom_4760b66c0cbf51ec9a7673f3785bca75\"><div class=\"testimonial testimonial-style-4\"><blockquote><p>Ich bin so gl\u00fccklich mit meinen Ergebnissen! Nachdem ich die Ergebnisse der Monsplastik-\u00c4sthetik des Bikinibereichs von Freunden in Antalya mit Dr. SEN gesehen hatte, entschied ich mich, den Sprung zu wagen !! Mit dem Ziel, nat\u00fcrlich auszusehen, kann ich die Ergebnisse ehrlich gesagt nicht glauben !! Sie bieten Ihnen ehrlich ein Support-System von der Pr\u00e4- bis zur Post-Operation und beantworten weiterhin alle meine Bedenken. Vielen Dank an Dr. SEN und sein Team!<br \/>\n<\/p><\/blockquote><div class=\"testimonial-arrow-down\"><\/div><div class=\"testimonial-author\"><p><strong>Alexa b\u2026..,UK<\/strong><span><\/span><\/p><\/div><\/div><\/div><div class=\"porto-testimonial wpb_content_element   wpb_custom_4760b66c0cbf51ec9a7673f3785bca75\"><div class=\"testimonial testimonial-style-4\"><blockquote><p>Ich kam aus D\u00fcsseldorf, Deutschland, um Genital\u00e4sthetik zu haben. Am Tag der OP wurde ich entlassen. Es ist 2 Monate her und sieht wirklich toll aus. danke f\u00fcr alles mein lieber arzt \ud83d\ude0c\ud83e\udd70<\/p><\/blockquote><div class=\"testimonial-arrow-down\"><\/div><div class=\"testimonial-author\"><p><strong>Nat*** O***<\/strong><span><\/span><\/p><\/div><\/div><\/div><div class=\"porto-testimonial wpb_content_element   wpb_custom_4760b66c0cbf51ec9a7673f3785bca75\"><div class=\"testimonial testimonial-style-4\"><blockquote><p>Ich kam f\u00fcr meine Labioplastik-Operation aus London. Herr SEN hatte alles im Voraus arrangiert. das ergebnis ist echt super. Ich kann es auf jeden Fall jedem empfehlen. Danke!<br \/>\n<\/p><\/blockquote><div class=\"testimonial-arrow-down\"><\/div><div class=\"testimonial-author\"><p><strong>Nat*** A***<\/strong><span><\/span><\/p><\/div><\/div><\/div>[\/vc_column][\/vc_row][vc_row][vc_column][vc_empty_space height=&#8221;12px&#8221;][vc_custom_heading text=&#8221;<b>Senden Sie Ihren Kommentar!<\/b>&#8221; use_theme_fonts=&#8221;yes&#8221; el_class=&#8221;shorter&#8221;][vc_empty_space]\n<div class=\"wpcf7 no-js\" id=\"wpcf7-f345-o1\" lang=\"tr-TR\" dir=\"ltr\" data-wpcf7-id=\"345\">\n<div class=\"screen-reader-response\"><p role=\"status\" aria-live=\"polite\" aria-atomic=\"true\"><\/p> <ul><\/ul><\/div>\n<form action=\"\/de\/wp-json\/wp\/v2\/pages\/16#wpcf7-f345-o1\" method=\"post\" class=\"wpcf7-form init\" aria-label=\"\u0130leti\u015fim Formu\" novalidate=\"novalidate\" data-status=\"init\">\n<fieldset class=\"hidden-fields-container\"><input type=\"hidden\" name=\"_wpcf7\" value=\"345\" \/><input type=\"hidden\" name=\"_wpcf7_version\" value=\"6.1.5\" \/><input type=\"hidden\" name=\"_wpcf7_locale\" value=\"tr_TR\" \/><input type=\"hidden\" name=\"_wpcf7_unit_tag\" value=\"wpcf7-f345-o1\" \/><input type=\"hidden\" name=\"_wpcf7_container_post\" value=\"0\" \/><input type=\"hidden\" name=\"_wpcf7_posted_data_hash\" value=\"\" \/>\n<\/fieldset>\n<div class=\"row\">\n\t<div class=\"col-md-6\">\n\t\t<div class=\"form-group\">\n\t\t\t<p><label for=\"contact-name\">Vorname Familienname*<\/label><br \/>\n<span class=\"wpcf7-form-control-wrap\" data-name=\"your-name\"><input size=\"40\" maxlength=\"400\" class=\"wpcf7-form-control wpcf7-text wpcf7-validates-as-required form-control\" id=\"contact-name\" aria-required=\"true\" aria-invalid=\"false\" value=\"\" type=\"text\" name=\"your-name\" \/><\/span>\n\t\t\t<\/p>\n\t\t<\/div>\n\t<\/div>\n\t<div class=\"col-md-6\">\n\t\t<div class=\"form-group\">\n\t\t\t<p><label for=\"contact-email\">E-mail*<\/label><br \/>\n<span class=\"wpcf7-form-control-wrap\" data-name=\"your-email\"><input size=\"40\" maxlength=\"400\" class=\"wpcf7-form-control wpcf7-email wpcf7-validates-as-required wpcf7-text wpcf7-validates-as-email form-control\" id=\"contact-email\" aria-required=\"true\" aria-invalid=\"false\" value=\"\" type=\"email\" name=\"your-email\" \/><\/span>\n\t\t\t<\/p>\n\t\t<\/div>\n\t<\/div>\n\t<div class=\"col-md-12\">\n\t\t<div class=\"form-group\">\n\t\t\t<p><label for=\"contact-message\">Dein Kommentar*<\/label><br \/>\n<span class=\"wpcf7-form-control-wrap\" data-name=\"your-message\"><textarea cols=\"40\" rows=\"10\" maxlength=\"2000\" class=\"wpcf7-form-control wpcf7-textarea form-control\" id=\"contact-message\" aria-invalid=\"false\" name=\"your-message\"><\/textarea><\/span>\n\t\t\t<\/p>\n\t\t<\/div>\n\t<\/div>\n\t<div class=\"col-md-6\">\n\t\t<div class=\"form-group\">\n\t\t\t<p><span class=\"wpcf7-form-control-wrap\" data-name=\"Sicherheitsfrage\"><label><span class=\"wpcf7-quiz-label\">5-3=<\/span> <input size=\"40\" class=\"wpcf7-form-control wpcf7-quiz\" autocomplete=\"off\" aria-required=\"true\" aria-invalid=\"false\" type=\"text\" name=\"Sicherheitsfrage\" \/><\/label><input type=\"hidden\" name=\"_wpcf7_quiz_answer_Sicherheitsfrage\" value=\"40437ac4d20c925b276b4b35757b5607\" \/><\/span><br \/>\n<input class=\"wpcf7-form-control wpcf7-submit has-spinner btn btn-primary btn-lg\" type=\"submit\" value=\"Senden\" \/>\n\t\t\t<\/p>\n\t\t<\/div>\n\t<\/div>\n<\/div><p style=\"display: none !important;\" class=\"akismet-fields-container\" data-prefix=\"_wpcf7_ak_\"><label>&#916;<textarea name=\"_wpcf7_ak_hp_textarea\" cols=\"45\" rows=\"8\" maxlength=\"100\"><\/textarea><\/label><input type=\"hidden\" id=\"ak_js_1\" name=\"_wpcf7_ak_js\" value=\"102\"\/><script>\ndocument.getElementById( \"ak_js_1\" ).setAttribute( \"value\", ( new Date() ).getTime() );\n<\/script>\n<\/p><div class=\"wpcf7-response-output\" aria-hidden=\"true\"><\/div>\n<\/form>\n<\/div>\n[\/vc_column][\/vc_row]<\/p>\n<\/section>","protected":false},"excerpt":{"rendered":"<p>[vc_row][vc_column][vc_custom_heading text=&#8221;Patientenbewertungen&#8221; use_theme_fonts=&#8221;yes&#8221; el_class=&#8221;shorter&#8221;][\/vc_column][\/vc_row][vc_row][vc_column][vc_empty_space height=&#8221;12px&#8221;][vc_custom_heading text=&#8221;Senden Sie Ihren Kommentar!&#8221; use_theme_fonts=&#8221;yes&#8221; el_class=&#8221;shorter&#8221;][vc_empty_space][\/vc_column][\/vc_row]<\/p>\n","protected":false},"author":1,"featured_media":0,"parent":0,"menu_order":0,"comment_status":"closed","ping_status":"closed","template":"","meta":{"_joinchat":[],"footnotes":""},"class_list":["post-16","page","type-page","status-publish","hentry"],"aioseo_notices":[],"_links":{"self":[{"href":"https:\/\/mehmetbekirsen.com\/de\/wp-json\/wp\/v2\/pages\/16","targetHints":{"allow":["GET"]}}],"collection":[{"href":"https:\/\/mehmetbekirsen.com\/de\/wp-json\/wp\/v2\/pages"}],"about":[{"href":"https:\/\/mehmetbekirsen.com\/de\/wp-json\/wp\/v2\/types\/page"}],"author":[{"embeddable":true,"href":"https:\/\/mehmetbekirsen.com\/de\/wp-json\/wp\/v2\/users\/1"}],"replies":[{"embeddable":true,"href":"https:\/\/mehmetbekirsen.com\/de\/wp-json\/wp\/v2\/comments?post=16"}],"version-history":[{"count":0,"href":"https:\/\/mehmetbekirsen.com\/de\/wp-json\/wp\/v2\/pages\/16\/revisions"}],"wp:attachment":[{"href":"https:\/\/mehmetbekirsen.com\/de\/wp-json\/wp\/v2\/media?parent=16"}],"curies":[{"name":"wp","href":"https:\/\/api.w.org\/{rel}","templated":true}]}}