{"id":21,"date":"2022-01-09T12:11:12","date_gmt":"2022-01-09T09:11:12","guid":{"rendered":"https:\/\/mehmetbekirsen.com\/?page_id=21"},"modified":"2024-07-12T11:12:24","modified_gmt":"2024-07-12T08:12:24","slug":"rechtlicher-hinweis","status":"publish","type":"page","link":"https:\/\/mehmetbekirsen.com\/de\/rechtlicher-hinweis\/","title":{"rendered":"Rechtlicher Hinweis"},"content":{"rendered":"<h2><strong>Rechtlicher Hinweis<\/strong><\/h2>\n<p>Diese Website wurde erstellt, um Menschen zu informieren, und bietet keine Gesundheitsdienste an. Die Informationen auf der Website sind nicht zur Diagnose oder Behandlung von Krankheiten gedacht. Sie dienen lediglich der Vorabinformation und haben keinen Werbecharakter. Diese Inhalte bilden keine Grundlage f\u00fcr eine medizinische oder h\u00e4usliche Praxis. Besucher dieser Website erkl\u00e4ren sich durch ihre Nutzung mit den rechtlichen Hinweisen einverstanden.<\/p>\n<p>Die Verantwortung f\u00fcr die Nutzung der Website-Inhalte zur Diagnose oder Behandlung liegt allein beim Besucher. Besucher dieser Website akzeptieren diese Warnungen durch ihre Nutzung.<\/p>\n<p>Medizinische Informationen sowie diagnostische und therapeutische Ger\u00e4te \u00e4ndern sich schnell. Methoden oder Werkzeuge k\u00f6nnen schnell veraltet sein. Unterschiedliche Techniken und Anwendungen k\u00f6nnen dasselbe medizinische Ziel verfolgen. Bei Diagnose und Behandlung sind die Erfahrung und F\u00e4higkeiten des Arztes entscheidend. Es k\u00f6nnen unterschiedliche Ansichten zum selben Thema bestehen. Da die Informationen auf der Website nicht t\u00e4glich aktualisiert werden, sollten alle Informationen vom Besucher in Absprache mit einem Arzt \u00fcberpr\u00fcft werden.<\/p>\n","protected":false},"excerpt":{"rendered":"<p>Rechtlicher Hinweis Diese Website wurde erstellt, um Menschen zu informieren, und bietet keine Gesundheitsdienste an. Die Informationen auf der Website sind nicht zur Diagnose oder Behandlung von Krankheiten gedacht. Sie dienen lediglich der Vorabinformation und haben keinen Werbecharakter. Diese Inhalte bilden keine Grundlage f\u00fcr eine medizinische oder h\u00e4usliche Praxis. Besucher dieser Website erkl\u00e4ren sich durch [&hellip;]<\/p>\n","protected":false},"author":1,"featured_media":0,"parent":0,"menu_order":0,"comment_status":"closed","ping_status":"closed","template":"","meta":{"_joinchat":[],"footnotes":""},"class_list":["post-21","page","type-page","status-publish","hentry"],"aioseo_notices":[],"_links":{"self":[{"href":"https:\/\/mehmetbekirsen.com\/de\/wp-json\/wp\/v2\/pages\/21","targetHints":{"allow":["GET"]}}],"collection":[{"href":"https:\/\/mehmetbekirsen.com\/de\/wp-json\/wp\/v2\/pages"}],"about":[{"href":"https:\/\/mehmetbekirsen.com\/de\/wp-json\/wp\/v2\/types\/page"}],"author":[{"embeddable":true,"href":"https:\/\/mehmetbekirsen.com\/de\/wp-json\/wp\/v2\/users\/1"}],"replies":[{"embeddable":true,"href":"https:\/\/mehmetbekirsen.com\/de\/wp-json\/wp\/v2\/comments?post=21"}],"version-history":[{"count":0,"href":"https:\/\/mehmetbekirsen.com\/de\/wp-json\/wp\/v2\/pages\/21\/revisions"}],"wp:attachment":[{"href":"https:\/\/mehmetbekirsen.com\/de\/wp-json\/wp\/v2\/media?parent=21"}],"curies":[{"name":"wp","href":"https:\/\/api.w.org\/{rel}","templated":true}]}}